{"id":42057,"date":"2018-11-07T16:23:11","date_gmt":"2018-11-07T15:23:11","guid":{"rendered":"https:\/\/brandgeeks.se\/?page_id=42057"},"modified":"2018-11-07T16:23:11","modified_gmt":"2018-11-07T15:23:11","slug":"alla-butiker-a-o","status":"publish","type":"page","link":"https:\/\/brandfinder.org\/sv\/alla-butiker-a-o\/","title":{"rendered":"Alla butiker A-\u00d6"},"content":{"rendered":"<p>Nedan f\u00f6ljer en lista med samtliga webbutiker som finns i v\u00e5r databas, sorterade i bokstavsordning.<\/p>\n","protected":false},"excerpt":{"rendered":"<p>Nedan f\u00f6ljer en lista med samtliga webbutiker som finns i v\u00e5r databas, sorterade i bokstavsordning.<\/p>\n","protected":false},"author":1,"featured_media":0,"parent":0,"menu_order":0,"comment_status":"closed","ping_status":"closed","template":"page-allabutiker.php","meta":{"footnotes":""},"yoast_head":"<!-- This site is optimized with the Yoast SEO plugin v24.5 - https:\/\/yoast.com\/wordpress\/plugins\/seo\/ -->\n<title>Alla butiker A-\u00d6 - Brandfinder<\/title>\n<meta name=\"robots\" content=\"index, follow, max-snippet:-1, max-image-preview:large, max-video-preview:-1\" \/>\n<link rel=\"canonical\" href=\"https:\/\/brandfinder.org\/sv\/alla-butiker-a-o\/\" \/>\n<meta property=\"og:locale\" content=\"sv_SE\" \/>\n<meta property=\"og:type\" content=\"article\" \/>\n<meta property=\"og:title\" content=\"Alla butiker A-\u00d6 - Brandfinder\" \/>\n<meta property=\"og:description\" content=\"Nedan f\u00f6ljer en lista med samtliga webbutiker som finns i v\u00e5r databas, sorterade i bokstavsordning.\" \/>\n<meta property=\"og:url\" content=\"https:\/\/brandfinder.org\/sv\/alla-butiker-a-o\/\" \/>\n<meta property=\"og:site_name\" content=\"Brandfinder\" \/>\n<meta name=\"twitter:card\" content=\"summary_large_image\" \/>\n<script type=\"application\/ld+json\" class=\"yoast-schema-graph\">{\"@context\":\"https:\/\/schema.org\",\"@graph\":[{\"@type\":\"WebPage\",\"@id\":\"https:\/\/brandfinder.org\/sv\/alla-butiker-a-o\/\",\"url\":\"https:\/\/brandfinder.org\/sv\/alla-butiker-a-o\/\",\"name\":\"Alla butiker A-\u00d6 - Brandfinder\",\"isPartOf\":{\"@id\":\"https:\/\/brandfinder.org\/sv\/#website\"},\"datePublished\":\"2018-11-07T15:23:11+00:00\",\"breadcrumb\":{\"@id\":\"https:\/\/brandfinder.org\/sv\/alla-butiker-a-o\/#breadcrumb\"},\"inLanguage\":\"sv-SE\",\"potentialAction\":[{\"@type\":\"ReadAction\",\"target\":[\"https:\/\/brandfinder.org\/sv\/alla-butiker-a-o\/\"]}]},{\"@type\":\"BreadcrumbList\",\"@id\":\"https:\/\/brandfinder.org\/sv\/alla-butiker-a-o\/#breadcrumb\",\"itemListElement\":[{\"@type\":\"ListItem\",\"position\":1,\"name\":\"Hem\",\"item\":\"https:\/\/brandfinder.org\/sv\/\"},{\"@type\":\"ListItem\",\"position\":2,\"name\":\"Alla butiker A-\u00d6\"}]},{\"@type\":\"WebSite\",\"@id\":\"https:\/\/brandfinder.org\/sv\/#website\",\"url\":\"https:\/\/brandfinder.org\/sv\/\",\"name\":\"Brandfinder\",\"description\":\"\",\"potentialAction\":[{\"@type\":\"SearchAction\",\"target\":{\"@type\":\"EntryPoint\",\"urlTemplate\":\"https:\/\/brandfinder.org\/sv\/?s={search_term_string}\"},\"query-input\":{\"@type\":\"PropertyValueSpecification\",\"valueRequired\":true,\"valueName\":\"search_term_string\"}}],\"inLanguage\":\"sv-SE\"}]}<\/script>\n<!-- \/ Yoast SEO plugin. -->","yoast_head_json":{"title":"Alla butiker A-\u00d6 - Brandfinder","robots":{"index":"index","follow":"follow","max-snippet":"max-snippet:-1","max-image-preview":"max-image-preview:large","max-video-preview":"max-video-preview:-1"},"canonical":"https:\/\/brandfinder.org\/sv\/alla-butiker-a-o\/","og_locale":"sv_SE","og_type":"article","og_title":"Alla butiker A-\u00d6 - Brandfinder","og_description":"Nedan f\u00f6ljer en lista med samtliga webbutiker som finns i v\u00e5r databas, sorterade i bokstavsordning.","og_url":"https:\/\/brandfinder.org\/sv\/alla-butiker-a-o\/","og_site_name":"Brandfinder","twitter_card":"summary_large_image","schema":{"@context":"https:\/\/schema.org","@graph":[{"@type":"WebPage","@id":"https:\/\/brandfinder.org\/sv\/alla-butiker-a-o\/","url":"https:\/\/brandfinder.org\/sv\/alla-butiker-a-o\/","name":"Alla butiker A-\u00d6 - Brandfinder","isPartOf":{"@id":"https:\/\/brandfinder.org\/sv\/#website"},"datePublished":"2018-11-07T15:23:11+00:00","breadcrumb":{"@id":"https:\/\/brandfinder.org\/sv\/alla-butiker-a-o\/#breadcrumb"},"inLanguage":"sv-SE","potentialAction":[{"@type":"ReadAction","target":["https:\/\/brandfinder.org\/sv\/alla-butiker-a-o\/"]}]},{"@type":"BreadcrumbList","@id":"https:\/\/brandfinder.org\/sv\/alla-butiker-a-o\/#breadcrumb","itemListElement":[{"@type":"ListItem","position":1,"name":"Hem","item":"https:\/\/brandfinder.org\/sv\/"},{"@type":"ListItem","position":2,"name":"Alla butiker A-\u00d6"}]},{"@type":"WebSite","@id":"https:\/\/brandfinder.org\/sv\/#website","url":"https:\/\/brandfinder.org\/sv\/","name":"Brandfinder","description":"","potentialAction":[{"@type":"SearchAction","target":{"@type":"EntryPoint","urlTemplate":"https:\/\/brandfinder.org\/sv\/?s={search_term_string}"},"query-input":{"@type":"PropertyValueSpecification","valueRequired":true,"valueName":"search_term_string"}}],"inLanguage":"sv-SE"}]}},"_links":{"self":[{"href":"https:\/\/brandfinder.org\/sv\/wp-json\/wp\/v2\/pages\/42057"}],"collection":[{"href":"https:\/\/brandfinder.org\/sv\/wp-json\/wp\/v2\/pages"}],"about":[{"href":"https:\/\/brandfinder.org\/sv\/wp-json\/wp\/v2\/types\/page"}],"author":[{"embeddable":true,"href":"https:\/\/brandfinder.org\/sv\/wp-json\/wp\/v2\/users\/1"}],"replies":[{"embeddable":true,"href":"https:\/\/brandfinder.org\/sv\/wp-json\/wp\/v2\/comments?post=42057"}],"version-history":[{"count":1,"href":"https:\/\/brandfinder.org\/sv\/wp-json\/wp\/v2\/pages\/42057\/revisions"}],"predecessor-version":[{"id":42058,"href":"https:\/\/brandfinder.org\/sv\/wp-json\/wp\/v2\/pages\/42057\/revisions\/42058"}],"wp:attachment":[{"href":"https:\/\/brandfinder.org\/sv\/wp-json\/wp\/v2\/media?parent=42057"}],"curies":[{"name":"wp","href":"https:\/\/api.w.org\/{rel}","templated":true}]}}