{"id":56,"date":"2018-09-22T00:58:09","date_gmt":"2018-09-21T22:58:09","guid":{"rendered":"https:\/\/brandgeeks.se\/?page_id=56"},"modified":"2019-05-04T19:53:52","modified_gmt":"2019-05-04T17:53:52","slug":"startsida","status":"publish","type":"page","link":"https:\/\/brandfinder.org\/sv\/","title":{"rendered":"Hitta ditt nya favoritm\u00e4rke"},"content":{"rendered":"<p>V\u00e4lkommen till Brandfinder. Vi har koll p\u00e5 varum\u00e4rken.<\/p>\n<p>V\u00e5r tj\u00e4nst g\u00f6r det enkelt att hitta platser d\u00e4r du kan k\u00f6pa de varum\u00e4rken du \u00e4lskar. Du hittar information och \u00e5terf\u00f6rs\u00e4ljare till hundratals varum\u00e4rken inom mode, design och accessoarer.<\/p>\n<p>Hoppas att du hittar det du s\u00f6ker!<\/p>\n","protected":false},"excerpt":{"rendered":"<p>V\u00e4lkommen till Brandfinder. Vi har koll p\u00e5 varum\u00e4rken. V\u00e5r tj\u00e4nst g\u00f6r det enkelt att hitta platser d\u00e4r du kan k\u00f6pa de varum\u00e4rken du \u00e4lskar. Du hittar information och \u00e5terf\u00f6rs\u00e4ljare till hundratals varum\u00e4rken inom mode, design och accessoarer. Hoppas att du hittar det du s\u00f6ker!<\/p>\n","protected":false},"author":1,"featured_media":0,"parent":0,"menu_order":0,"comment_status":"closed","ping_status":"closed","template":"","meta":{"footnotes":""},"yoast_head":"<!-- This site is optimized with the Yoast SEO plugin v24.5 - https:\/\/yoast.com\/wordpress\/plugins\/seo\/ -->\n<title>Hitta ditt nya favoritm\u00e4rke - Brandfinder<\/title>\n<meta name=\"robots\" content=\"index, follow, max-snippet:-1, max-image-preview:large, max-video-preview:-1\" \/>\n<link rel=\"canonical\" href=\"https:\/\/brandfinder.org\/sv\/\" \/>\n<meta property=\"og:locale\" content=\"sv_SE\" \/>\n<meta property=\"og:type\" content=\"article\" \/>\n<meta property=\"og:title\" content=\"Hitta ditt nya favoritm\u00e4rke - Brandfinder\" \/>\n<meta property=\"og:description\" content=\"V\u00e4lkommen till Brandfinder. Vi har koll p\u00e5 varum\u00e4rken. V\u00e5r tj\u00e4nst g\u00f6r det enkelt att hitta platser d\u00e4r du kan k\u00f6pa de varum\u00e4rken du \u00e4lskar. Du hittar information och \u00e5terf\u00f6rs\u00e4ljare till hundratals varum\u00e4rken inom mode, design och accessoarer. Hoppas att du hittar det du s\u00f6ker!\" \/>\n<meta property=\"og:url\" content=\"https:\/\/brandfinder.org\/sv\/\" \/>\n<meta property=\"og:site_name\" content=\"Brandfinder\" \/>\n<meta property=\"article:modified_time\" content=\"2019-05-04T17:53:52+00:00\" \/>\n<meta name=\"twitter:card\" content=\"summary_large_image\" \/>\n<script type=\"application\/ld+json\" class=\"yoast-schema-graph\">{\"@context\":\"https:\/\/schema.org\",\"@graph\":[{\"@type\":\"WebPage\",\"@id\":\"https:\/\/brandfinder.org\/sv\/\",\"url\":\"https:\/\/brandfinder.org\/sv\/\",\"name\":\"Hitta ditt nya favoritm\u00e4rke - Brandfinder\",\"isPartOf\":{\"@id\":\"https:\/\/brandfinder.org\/sv\/#website\"},\"datePublished\":\"2018-09-21T22:58:09+00:00\",\"dateModified\":\"2019-05-04T17:53:52+00:00\",\"breadcrumb\":{\"@id\":\"https:\/\/brandfinder.org\/sv\/#breadcrumb\"},\"inLanguage\":\"sv-SE\",\"potentialAction\":[{\"@type\":\"ReadAction\",\"target\":[\"https:\/\/brandfinder.org\/sv\/\"]}]},{\"@type\":\"BreadcrumbList\",\"@id\":\"https:\/\/brandfinder.org\/sv\/#breadcrumb\",\"itemListElement\":[{\"@type\":\"ListItem\",\"position\":1,\"name\":\"Hem\",\"item\":\"https:\/\/brandfinder.org\/sv\/\"},{\"@type\":\"ListItem\",\"position\":2,\"name\":\"Hitta ditt nya favoritm\u00e4rke\"}]},{\"@type\":\"WebSite\",\"@id\":\"https:\/\/brandfinder.org\/sv\/#website\",\"url\":\"https:\/\/brandfinder.org\/sv\/\",\"name\":\"Brandfinder\",\"description\":\"\",\"potentialAction\":[{\"@type\":\"SearchAction\",\"target\":{\"@type\":\"EntryPoint\",\"urlTemplate\":\"https:\/\/brandfinder.org\/sv\/?s={search_term_string}\"},\"query-input\":{\"@type\":\"PropertyValueSpecification\",\"valueRequired\":true,\"valueName\":\"search_term_string\"}}],\"inLanguage\":\"sv-SE\"}]}<\/script>\n<!-- \/ Yoast SEO plugin. -->","yoast_head_json":{"title":"Hitta ditt nya favoritm\u00e4rke - Brandfinder","robots":{"index":"index","follow":"follow","max-snippet":"max-snippet:-1","max-image-preview":"max-image-preview:large","max-video-preview":"max-video-preview:-1"},"canonical":"https:\/\/brandfinder.org\/sv\/","og_locale":"sv_SE","og_type":"article","og_title":"Hitta ditt nya favoritm\u00e4rke - Brandfinder","og_description":"V\u00e4lkommen till Brandfinder. Vi har koll p\u00e5 varum\u00e4rken. V\u00e5r tj\u00e4nst g\u00f6r det enkelt att hitta platser d\u00e4r du kan k\u00f6pa de varum\u00e4rken du \u00e4lskar. Du hittar information och \u00e5terf\u00f6rs\u00e4ljare till hundratals varum\u00e4rken inom mode, design och accessoarer. Hoppas att du hittar det du s\u00f6ker!","og_url":"https:\/\/brandfinder.org\/sv\/","og_site_name":"Brandfinder","article_modified_time":"2019-05-04T17:53:52+00:00","twitter_card":"summary_large_image","schema":{"@context":"https:\/\/schema.org","@graph":[{"@type":"WebPage","@id":"https:\/\/brandfinder.org\/sv\/","url":"https:\/\/brandfinder.org\/sv\/","name":"Hitta ditt nya favoritm\u00e4rke - Brandfinder","isPartOf":{"@id":"https:\/\/brandfinder.org\/sv\/#website"},"datePublished":"2018-09-21T22:58:09+00:00","dateModified":"2019-05-04T17:53:52+00:00","breadcrumb":{"@id":"https:\/\/brandfinder.org\/sv\/#breadcrumb"},"inLanguage":"sv-SE","potentialAction":[{"@type":"ReadAction","target":["https:\/\/brandfinder.org\/sv\/"]}]},{"@type":"BreadcrumbList","@id":"https:\/\/brandfinder.org\/sv\/#breadcrumb","itemListElement":[{"@type":"ListItem","position":1,"name":"Hem","item":"https:\/\/brandfinder.org\/sv\/"},{"@type":"ListItem","position":2,"name":"Hitta ditt nya favoritm\u00e4rke"}]},{"@type":"WebSite","@id":"https:\/\/brandfinder.org\/sv\/#website","url":"https:\/\/brandfinder.org\/sv\/","name":"Brandfinder","description":"","potentialAction":[{"@type":"SearchAction","target":{"@type":"EntryPoint","urlTemplate":"https:\/\/brandfinder.org\/sv\/?s={search_term_string}"},"query-input":{"@type":"PropertyValueSpecification","valueRequired":true,"valueName":"search_term_string"}}],"inLanguage":"sv-SE"}]}},"_links":{"self":[{"href":"https:\/\/brandfinder.org\/sv\/wp-json\/wp\/v2\/pages\/56"}],"collection":[{"href":"https:\/\/brandfinder.org\/sv\/wp-json\/wp\/v2\/pages"}],"about":[{"href":"https:\/\/brandfinder.org\/sv\/wp-json\/wp\/v2\/types\/page"}],"author":[{"embeddable":true,"href":"https:\/\/brandfinder.org\/sv\/wp-json\/wp\/v2\/users\/1"}],"replies":[{"embeddable":true,"href":"https:\/\/brandfinder.org\/sv\/wp-json\/wp\/v2\/comments?post=56"}],"version-history":[{"count":6,"href":"https:\/\/brandfinder.org\/sv\/wp-json\/wp\/v2\/pages\/56\/revisions"}],"predecessor-version":[{"id":42276,"href":"https:\/\/brandfinder.org\/sv\/wp-json\/wp\/v2\/pages\/56\/revisions\/42276"}],"wp:attachment":[{"href":"https:\/\/brandfinder.org\/sv\/wp-json\/wp\/v2\/media?parent=56"}],"curies":[{"name":"wp","href":"https:\/\/api.w.org\/{rel}","templated":true}]}}