{"id":57,"date":"2018-09-22T00:58:09","date_gmt":"2018-09-21T22:58:09","guid":{"rendered":"https:\/\/brandgeeks.se\/?page_id=57"},"modified":"2019-04-19T13:58:57","modified_gmt":"2019-04-19T11:58:57","slug":"om-oss","status":"publish","type":"page","link":"https:\/\/brandfinder.org\/sv\/om-oss\/","title":{"rendered":"Om oss"},"content":{"rendered":"<p>Vilken betydelse har varum\u00e4rken f\u00f6r dig? Det finns s\u00e5na som inte bryr s\u00e4rskilt om varum\u00e4rken. Man kanske stirrar sig blind p\u00e5 priser, eller s\u00e5 l\u00e5ter man sig luras av vassa f\u00f6rs\u00e4ljare som bedyrar att en off-brand-produkt \u00e4r v\u00e4rd en investering. Men vill man vara s\u00e4ker p\u00e5 att man k\u00f6per en vara av en viss kvalitet s\u00e5 finns det inget b\u00e4ttre s\u00e4tt \u00e4n att studera varum\u00e4rket. F\u00f6r visst \u00e4r det s\u00e5 att ledande varum\u00e4rken, oavsett bransch, \u00e4r just ledande utav en anledning.<\/p>\n<p>Id\u00e9n om varum\u00e4rken \u00e4r ingen ny f\u00f6reteelse. Arkeologiska fynd har till exempel visat att k\u00f6pm\u00e4n i det forna Mesopotamien satte varum\u00e4rken p\u00e5 keramik, oljelampor och annat redan f\u00f6r ca 2500 \u00e5r sedan. Men betydelsen av varum\u00e4rken \u00e4r troligen st\u00f6rre \u00e4n n\u00e5gonsin i dagens k\u00f6psamh\u00e4lle, d\u00e4r tillverkare av produkter konkurrerar med varandra p\u00e5 en global arena d\u00e4r utbudet \u00e4r enormt. N\u00e4r det finns ett n\u00e4stan o\u00e4ndligt antal tillverkare av en viss produkt, hur skulle vi konsumenter kunna veta vilken vi b\u00f6r lita p\u00e5, om det inte vore f\u00f6r varum\u00e4rken?<\/p>\n\n\n<h2 class=\"wp-block-heading\">V\u00e5r mission<\/h2>\n\n\n\n<p>Vi p\u00e5 Brandfinder brinner f\u00f6r varum\u00e4rken. V\u00e5r tj\u00e4nst g\u00f6r det enkelt att hitta platser d\u00e4r du kan k\u00f6pa de varum\u00e4rken du \u00e4lskar. Kopior i all \u00e4ra, men vi tycker att inget g\u00e5r upp emot ett par Levis-jeans, ett par \u00e4kta Timberland-k\u00e4ngor, eller varf\u00f6r inte en pikettr\u00f6ja fr\u00e5n Lacoste? Originalen \u00e4r ofta b\u00e4st! <\/p>\n\n\n\n<p>P\u00e5 Brandfinder kan du l\u00e4ra dig mer om de varum\u00e4rken du tycker om, och f\u00f6rhoppningsvis \u00e4ven hitta ditt framtida favoritm\u00e4rke. Vi hj\u00e4lper dig att hitta \u00e5terf\u00f6rs\u00e4ljare och tipsar om liknande m\u00e4rken. Vi samarbetar ocks\u00e5 med \u00e5terf\u00f6rs\u00e4ljare och i vissa fall kan vi f\u00e5 en liten provision n\u00e4r v\u00e5ra bes\u00f6kare v\u00e4ljer att k\u00f6pa n\u00e5got &#8211; men aldrig p\u00e5 k\u00f6parens bekostnad.<\/p>\n\n\n\n<h2 class=\"wp-block-heading\">Vilka varum\u00e4rken hittar jag p\u00e5 Brandfinder?<\/h2>\n\n\n\n<p>F\u00f6r n\u00e4rvarande indexerar vi enbart varum\u00e4rken som tillverkar modeprodukter som kl\u00e4der, skor etc. Att definiera vad som \u00e4r ett varum\u00e4rke kan ibland vara lite knepigt, och vilken definition man \u00e4n har s\u00e5 tycks en del hamna i gr\u00e5zonen. V\u00e5ra huvudregler \u00e4r att ett varum\u00e4rke skall vara skilt fr\u00e5n detaljhandel. \u00c5terf\u00f6rs\u00e4ljare som s\u00e4ljer andra varum\u00e4rken men \u00e4ven brandar produker med sitt eget namn (exempelvis \u00c5hl\u00e9ns) anser vi inte vara ett varum\u00e4rke i sig. H&amp;M \u00e4r heller inget varum\u00e4rke d\u00e5 de i f\u00f6rsta hand \u00e4r en \u00e5terf\u00f6rs\u00e4ljare av kl\u00e4der och d\u00e5 deras produkter s\u00e4ljs exklusivt i den egna kanalen. Vi g\u00f6r en slutgiltig bed\u00f6mning i varje enskilt fall huruvida ett varum\u00e4rke ska publiceras hos oss.<\/p>\n\n\n\n<p>Saknar du ett varum\u00e4rke hos oss, eller \u00e4r f\u00f6retr\u00e4dare f\u00f6r ett m\u00e4rke som vi har missat att dokumentera? <a href=\"https:\/\/brandfinder.org\/sv\/kontakta-oss\/\">Tipsa oss<\/a> g\u00e4rna!<\/p>\n","protected":false},"excerpt":{"rendered":"<p>Vilken betydelse har varum\u00e4rken f\u00f6r dig? Det finns s\u00e5na som inte bryr s\u00e4rskilt om varum\u00e4rken. Man kanske stirrar sig blind p\u00e5 priser, eller s\u00e5 l\u00e5ter man sig luras av vassa f\u00f6rs\u00e4ljare som bedyrar att en off-brand-produkt \u00e4r v\u00e4rd en investering. Men vill man vara s\u00e4ker p\u00e5 att man k\u00f6per en vara av en viss kvalitet [&hellip;]<\/p>\n","protected":false},"author":1,"featured_media":0,"parent":0,"menu_order":0,"comment_status":"closed","ping_status":"closed","template":"","meta":{"footnotes":""},"yoast_head":"<!-- This site is optimized with the Yoast SEO plugin v24.5 - https:\/\/yoast.com\/wordpress\/plugins\/seo\/ -->\n<title>Om oss - Brandfinder<\/title>\n<meta name=\"robots\" content=\"index, follow, max-snippet:-1, max-image-preview:large, max-video-preview:-1\" \/>\n<link rel=\"canonical\" href=\"https:\/\/brandfinder.org\/sv\/om-oss\/\" \/>\n<meta property=\"og:locale\" content=\"sv_SE\" \/>\n<meta property=\"og:type\" content=\"article\" \/>\n<meta property=\"og:title\" content=\"Om oss - Brandfinder\" \/>\n<meta property=\"og:description\" content=\"Vilken betydelse har varum\u00e4rken f\u00f6r dig? Det finns s\u00e5na som inte bryr s\u00e4rskilt om varum\u00e4rken. Man kanske stirrar sig blind p\u00e5 priser, eller s\u00e5 l\u00e5ter man sig luras av vassa f\u00f6rs\u00e4ljare som bedyrar att en off-brand-produkt \u00e4r v\u00e4rd en investering. Men vill man vara s\u00e4ker p\u00e5 att man k\u00f6per en vara av en viss kvalitet [&hellip;]\" \/>\n<meta property=\"og:url\" content=\"https:\/\/brandfinder.org\/sv\/om-oss\/\" \/>\n<meta property=\"og:site_name\" content=\"Brandfinder\" \/>\n<meta property=\"article:modified_time\" content=\"2019-04-19T11:58:57+00:00\" \/>\n<meta name=\"twitter:card\" content=\"summary_large_image\" \/>\n<meta name=\"twitter:label1\" content=\"Ber\u00e4knad l\u00e4stid\" \/>\n\t<meta name=\"twitter:data1\" content=\"3 minuter\" \/>\n<script type=\"application\/ld+json\" class=\"yoast-schema-graph\">{\"@context\":\"https:\/\/schema.org\",\"@graph\":[{\"@type\":\"WebPage\",\"@id\":\"https:\/\/brandfinder.org\/sv\/om-oss\/\",\"url\":\"https:\/\/brandfinder.org\/sv\/om-oss\/\",\"name\":\"Om oss - Brandfinder\",\"isPartOf\":{\"@id\":\"https:\/\/brandfinder.org\/sv\/#website\"},\"datePublished\":\"2018-09-21T22:58:09+00:00\",\"dateModified\":\"2019-04-19T11:58:57+00:00\",\"breadcrumb\":{\"@id\":\"https:\/\/brandfinder.org\/sv\/om-oss\/#breadcrumb\"},\"inLanguage\":\"sv-SE\",\"potentialAction\":[{\"@type\":\"ReadAction\",\"target\":[\"https:\/\/brandfinder.org\/sv\/om-oss\/\"]}]},{\"@type\":\"BreadcrumbList\",\"@id\":\"https:\/\/brandfinder.org\/sv\/om-oss\/#breadcrumb\",\"itemListElement\":[{\"@type\":\"ListItem\",\"position\":1,\"name\":\"Hem\",\"item\":\"https:\/\/brandfinder.org\/sv\/\"},{\"@type\":\"ListItem\",\"position\":2,\"name\":\"Om oss\"}]},{\"@type\":\"WebSite\",\"@id\":\"https:\/\/brandfinder.org\/sv\/#website\",\"url\":\"https:\/\/brandfinder.org\/sv\/\",\"name\":\"Brandfinder\",\"description\":\"\",\"potentialAction\":[{\"@type\":\"SearchAction\",\"target\":{\"@type\":\"EntryPoint\",\"urlTemplate\":\"https:\/\/brandfinder.org\/sv\/?s={search_term_string}\"},\"query-input\":{\"@type\":\"PropertyValueSpecification\",\"valueRequired\":true,\"valueName\":\"search_term_string\"}}],\"inLanguage\":\"sv-SE\"}]}<\/script>\n<!-- \/ Yoast SEO plugin. -->","yoast_head_json":{"title":"Om oss - Brandfinder","robots":{"index":"index","follow":"follow","max-snippet":"max-snippet:-1","max-image-preview":"max-image-preview:large","max-video-preview":"max-video-preview:-1"},"canonical":"https:\/\/brandfinder.org\/sv\/om-oss\/","og_locale":"sv_SE","og_type":"article","og_title":"Om oss - Brandfinder","og_description":"Vilken betydelse har varum\u00e4rken f\u00f6r dig? Det finns s\u00e5na som inte bryr s\u00e4rskilt om varum\u00e4rken. Man kanske stirrar sig blind p\u00e5 priser, eller s\u00e5 l\u00e5ter man sig luras av vassa f\u00f6rs\u00e4ljare som bedyrar att en off-brand-produkt \u00e4r v\u00e4rd en investering. Men vill man vara s\u00e4ker p\u00e5 att man k\u00f6per en vara av en viss kvalitet [&hellip;]","og_url":"https:\/\/brandfinder.org\/sv\/om-oss\/","og_site_name":"Brandfinder","article_modified_time":"2019-04-19T11:58:57+00:00","twitter_card":"summary_large_image","twitter_misc":{"Ber\u00e4knad l\u00e4stid":"3 minuter"},"schema":{"@context":"https:\/\/schema.org","@graph":[{"@type":"WebPage","@id":"https:\/\/brandfinder.org\/sv\/om-oss\/","url":"https:\/\/brandfinder.org\/sv\/om-oss\/","name":"Om oss - Brandfinder","isPartOf":{"@id":"https:\/\/brandfinder.org\/sv\/#website"},"datePublished":"2018-09-21T22:58:09+00:00","dateModified":"2019-04-19T11:58:57+00:00","breadcrumb":{"@id":"https:\/\/brandfinder.org\/sv\/om-oss\/#breadcrumb"},"inLanguage":"sv-SE","potentialAction":[{"@type":"ReadAction","target":["https:\/\/brandfinder.org\/sv\/om-oss\/"]}]},{"@type":"BreadcrumbList","@id":"https:\/\/brandfinder.org\/sv\/om-oss\/#breadcrumb","itemListElement":[{"@type":"ListItem","position":1,"name":"Hem","item":"https:\/\/brandfinder.org\/sv\/"},{"@type":"ListItem","position":2,"name":"Om oss"}]},{"@type":"WebSite","@id":"https:\/\/brandfinder.org\/sv\/#website","url":"https:\/\/brandfinder.org\/sv\/","name":"Brandfinder","description":"","potentialAction":[{"@type":"SearchAction","target":{"@type":"EntryPoint","urlTemplate":"https:\/\/brandfinder.org\/sv\/?s={search_term_string}"},"query-input":{"@type":"PropertyValueSpecification","valueRequired":true,"valueName":"search_term_string"}}],"inLanguage":"sv-SE"}]}},"_links":{"self":[{"href":"https:\/\/brandfinder.org\/sv\/wp-json\/wp\/v2\/pages\/57"}],"collection":[{"href":"https:\/\/brandfinder.org\/sv\/wp-json\/wp\/v2\/pages"}],"about":[{"href":"https:\/\/brandfinder.org\/sv\/wp-json\/wp\/v2\/types\/page"}],"author":[{"embeddable":true,"href":"https:\/\/brandfinder.org\/sv\/wp-json\/wp\/v2\/users\/1"}],"replies":[{"embeddable":true,"href":"https:\/\/brandfinder.org\/sv\/wp-json\/wp\/v2\/comments?post=57"}],"version-history":[{"count":4,"href":"https:\/\/brandfinder.org\/sv\/wp-json\/wp\/v2\/pages\/57\/revisions"}],"predecessor-version":[{"id":42244,"href":"https:\/\/brandfinder.org\/sv\/wp-json\/wp\/v2\/pages\/57\/revisions\/42244"}],"wp:attachment":[{"href":"https:\/\/brandfinder.org\/sv\/wp-json\/wp\/v2\/media?parent=57"}],"curies":[{"name":"wp","href":"https:\/\/api.w.org\/{rel}","templated":true}]}}