{"id":58,"date":"2018-09-22T00:58:09","date_gmt":"2018-09-21T22:58:09","guid":{"rendered":"https:\/\/brandgeeks.se\/?page_id=58"},"modified":"2019-05-14T14:08:35","modified_gmt":"2019-05-14T12:08:35","slug":"kontakta-oss","status":"publish","type":"page","link":"https:\/\/brandfinder.org\/sv\/kontakta-oss\/","title":{"rendered":"Kontakta oss"},"content":{"rendered":"<p>Anv\u00e4nd formul\u00e4ret nedan f\u00f6r att skicka ett email om du vill komma i kontakt med oss p\u00e5 Branfinder.<\/p>\n<p>Observera att vi inte kan svara p\u00e5 fr\u00e5gor riktade till ett varum\u00e4rke eller en butik. Vill du komma i kontakt med dessa, v\u00e4nligen se kontaktuppgifterna p\u00e5 dess respektive hemsida.<\/p>\n\n<div class=\"wpcf7 no-js\" id=\"wpcf7-f42315-o1\" lang=\"sv-SE\" dir=\"ltr\">\n<div class=\"screen-reader-response\"><p role=\"status\" aria-live=\"polite\" aria-atomic=\"true\"><\/p> <ul><\/ul><\/div>\n<form action=\"\/sv\/wp-json\/wp\/v2\/pages\/58#wpcf7-f42315-o1\" method=\"post\" class=\"wpcf7-form init\" aria-label=\"Kontaktformul\u00e4r\" novalidate=\"novalidate\" data-status=\"init\">\n<div style=\"display: none;\">\n<input type=\"hidden\" name=\"_wpcf7\" value=\"42315\" \/>\n<input type=\"hidden\" name=\"_wpcf7_version\" value=\"5.9.8\" \/>\n<input type=\"hidden\" name=\"_wpcf7_locale\" value=\"sv_SE\" \/>\n<input type=\"hidden\" name=\"_wpcf7_unit_tag\" value=\"wpcf7-f42315-o1\" \/>\n<input type=\"hidden\" name=\"_wpcf7_container_post\" value=\"0\" \/>\n<input type=\"hidden\" name=\"_wpcf7_posted_data_hash\" value=\"\" \/>\n<input type=\"hidden\" name=\"_wpcf7_recaptcha_response\" value=\"\" \/>\n<\/div>\n<p><label> Ditt namn (obligatoriskt)<br \/>\n<span class=\"wpcf7-form-control-wrap\" data-name=\"your-name\"><input size=\"40\" maxlength=\"400\" class=\"wpcf7-form-control wpcf7-text wpcf7-validates-as-required\" aria-required=\"true\" aria-invalid=\"false\" value=\"\" type=\"text\" name=\"your-name\" \/><\/span> <\/label>\n<\/p>\n<p><label> Din e-post (obligatoriskt)<br \/>\n<span class=\"wpcf7-form-control-wrap\" data-name=\"your-email\"><input size=\"40\" maxlength=\"400\" class=\"wpcf7-form-control wpcf7-email wpcf7-validates-as-required wpcf7-text wpcf7-validates-as-email\" aria-required=\"true\" aria-invalid=\"false\" value=\"\" type=\"email\" name=\"your-email\" \/><\/span> <\/label>\n<\/p>\n<p><label> \u00c4mne<br \/>\n<span class=\"wpcf7-form-control-wrap\" data-name=\"your-subject\"><input size=\"40\" maxlength=\"400\" class=\"wpcf7-form-control wpcf7-text\" aria-invalid=\"false\" value=\"\" type=\"text\" name=\"your-subject\" \/><\/span> <\/label>\n<\/p>\n<p><label> Ditt meddelande<br \/>\n<span class=\"wpcf7-form-control-wrap\" data-name=\"your-message\"><textarea cols=\"40\" rows=\"10\" maxlength=\"2000\" class=\"wpcf7-form-control wpcf7-textarea\" aria-invalid=\"false\" name=\"your-message\"><\/textarea><\/span> <\/label>\n<\/p>\n<p><input class=\"wpcf7-form-control wpcf7-submit has-spinner\" type=\"submit\" value=\"Skicka\" \/>\n<\/p><div class=\"wpcf7-response-output\" aria-hidden=\"true\"><\/div>\n<\/form>\n<\/div>\n\n","protected":false},"excerpt":{"rendered":"<p>Anv\u00e4nd formul\u00e4ret nedan f\u00f6r att skicka ett email om du vill komma i kontakt med oss p\u00e5 Branfinder. Observera att vi inte kan svara p\u00e5 fr\u00e5gor riktade till ett varum\u00e4rke eller en butik. Vill du komma i kontakt med dessa, v\u00e4nligen se kontaktuppgifterna p\u00e5 dess respektive hemsida.<\/p>\n","protected":false},"author":1,"featured_media":0,"parent":0,"menu_order":0,"comment_status":"closed","ping_status":"closed","template":"","meta":{"footnotes":""},"yoast_head":"<!-- This site is optimized with the Yoast SEO plugin v24.5 - https:\/\/yoast.com\/wordpress\/plugins\/seo\/ -->\n<title>Kontakta oss - Brandfinder<\/title>\n<meta name=\"robots\" content=\"index, follow, max-snippet:-1, max-image-preview:large, max-video-preview:-1\" \/>\n<link rel=\"canonical\" href=\"https:\/\/brandfinder.org\/sv\/kontakta-oss\/\" \/>\n<meta property=\"og:locale\" content=\"sv_SE\" \/>\n<meta property=\"og:type\" content=\"article\" \/>\n<meta property=\"og:title\" content=\"Kontakta oss - Brandfinder\" \/>\n<meta property=\"og:description\" content=\"Anv\u00e4nd formul\u00e4ret nedan f\u00f6r att skicka ett email om du vill komma i kontakt med oss p\u00e5 Branfinder. Observera att vi inte kan svara p\u00e5 fr\u00e5gor riktade till ett varum\u00e4rke eller en butik. Vill du komma i kontakt med dessa, v\u00e4nligen se kontaktuppgifterna p\u00e5 dess respektive hemsida.\" \/>\n<meta property=\"og:url\" content=\"https:\/\/brandfinder.org\/sv\/kontakta-oss\/\" \/>\n<meta property=\"og:site_name\" content=\"Brandfinder\" \/>\n<meta property=\"article:modified_time\" content=\"2019-05-14T12:08:35+00:00\" \/>\n<meta name=\"twitter:card\" content=\"summary_large_image\" \/>\n<script type=\"application\/ld+json\" class=\"yoast-schema-graph\">{\"@context\":\"https:\/\/schema.org\",\"@graph\":[{\"@type\":\"WebPage\",\"@id\":\"https:\/\/brandfinder.org\/sv\/kontakta-oss\/\",\"url\":\"https:\/\/brandfinder.org\/sv\/kontakta-oss\/\",\"name\":\"Kontakta oss - Brandfinder\",\"isPartOf\":{\"@id\":\"https:\/\/brandfinder.org\/sv\/#website\"},\"datePublished\":\"2018-09-21T22:58:09+00:00\",\"dateModified\":\"2019-05-14T12:08:35+00:00\",\"breadcrumb\":{\"@id\":\"https:\/\/brandfinder.org\/sv\/kontakta-oss\/#breadcrumb\"},\"inLanguage\":\"sv-SE\",\"potentialAction\":[{\"@type\":\"ReadAction\",\"target\":[\"https:\/\/brandfinder.org\/sv\/kontakta-oss\/\"]}]},{\"@type\":\"BreadcrumbList\",\"@id\":\"https:\/\/brandfinder.org\/sv\/kontakta-oss\/#breadcrumb\",\"itemListElement\":[{\"@type\":\"ListItem\",\"position\":1,\"name\":\"Hem\",\"item\":\"https:\/\/brandfinder.org\/sv\/\"},{\"@type\":\"ListItem\",\"position\":2,\"name\":\"Kontakta oss\"}]},{\"@type\":\"WebSite\",\"@id\":\"https:\/\/brandfinder.org\/sv\/#website\",\"url\":\"https:\/\/brandfinder.org\/sv\/\",\"name\":\"Brandfinder\",\"description\":\"\",\"potentialAction\":[{\"@type\":\"SearchAction\",\"target\":{\"@type\":\"EntryPoint\",\"urlTemplate\":\"https:\/\/brandfinder.org\/sv\/?s={search_term_string}\"},\"query-input\":{\"@type\":\"PropertyValueSpecification\",\"valueRequired\":true,\"valueName\":\"search_term_string\"}}],\"inLanguage\":\"sv-SE\"}]}<\/script>\n<!-- \/ Yoast SEO plugin. -->","yoast_head_json":{"title":"Kontakta oss - Brandfinder","robots":{"index":"index","follow":"follow","max-snippet":"max-snippet:-1","max-image-preview":"max-image-preview:large","max-video-preview":"max-video-preview:-1"},"canonical":"https:\/\/brandfinder.org\/sv\/kontakta-oss\/","og_locale":"sv_SE","og_type":"article","og_title":"Kontakta oss - Brandfinder","og_description":"Anv\u00e4nd formul\u00e4ret nedan f\u00f6r att skicka ett email om du vill komma i kontakt med oss p\u00e5 Branfinder. Observera att vi inte kan svara p\u00e5 fr\u00e5gor riktade till ett varum\u00e4rke eller en butik. Vill du komma i kontakt med dessa, v\u00e4nligen se kontaktuppgifterna p\u00e5 dess respektive hemsida.","og_url":"https:\/\/brandfinder.org\/sv\/kontakta-oss\/","og_site_name":"Brandfinder","article_modified_time":"2019-05-14T12:08:35+00:00","twitter_card":"summary_large_image","schema":{"@context":"https:\/\/schema.org","@graph":[{"@type":"WebPage","@id":"https:\/\/brandfinder.org\/sv\/kontakta-oss\/","url":"https:\/\/brandfinder.org\/sv\/kontakta-oss\/","name":"Kontakta oss - Brandfinder","isPartOf":{"@id":"https:\/\/brandfinder.org\/sv\/#website"},"datePublished":"2018-09-21T22:58:09+00:00","dateModified":"2019-05-14T12:08:35+00:00","breadcrumb":{"@id":"https:\/\/brandfinder.org\/sv\/kontakta-oss\/#breadcrumb"},"inLanguage":"sv-SE","potentialAction":[{"@type":"ReadAction","target":["https:\/\/brandfinder.org\/sv\/kontakta-oss\/"]}]},{"@type":"BreadcrumbList","@id":"https:\/\/brandfinder.org\/sv\/kontakta-oss\/#breadcrumb","itemListElement":[{"@type":"ListItem","position":1,"name":"Hem","item":"https:\/\/brandfinder.org\/sv\/"},{"@type":"ListItem","position":2,"name":"Kontakta oss"}]},{"@type":"WebSite","@id":"https:\/\/brandfinder.org\/sv\/#website","url":"https:\/\/brandfinder.org\/sv\/","name":"Brandfinder","description":"","potentialAction":[{"@type":"SearchAction","target":{"@type":"EntryPoint","urlTemplate":"https:\/\/brandfinder.org\/sv\/?s={search_term_string}"},"query-input":{"@type":"PropertyValueSpecification","valueRequired":true,"valueName":"search_term_string"}}],"inLanguage":"sv-SE"}]}},"_links":{"self":[{"href":"https:\/\/brandfinder.org\/sv\/wp-json\/wp\/v2\/pages\/58"}],"collection":[{"href":"https:\/\/brandfinder.org\/sv\/wp-json\/wp\/v2\/pages"}],"about":[{"href":"https:\/\/brandfinder.org\/sv\/wp-json\/wp\/v2\/types\/page"}],"author":[{"embeddable":true,"href":"https:\/\/brandfinder.org\/sv\/wp-json\/wp\/v2\/users\/1"}],"replies":[{"embeddable":true,"href":"https:\/\/brandfinder.org\/sv\/wp-json\/wp\/v2\/comments?post=58"}],"version-history":[{"count":5,"href":"https:\/\/brandfinder.org\/sv\/wp-json\/wp\/v2\/pages\/58\/revisions"}],"predecessor-version":[{"id":42319,"href":"https:\/\/brandfinder.org\/sv\/wp-json\/wp\/v2\/pages\/58\/revisions\/42319"}],"wp:attachment":[{"href":"https:\/\/brandfinder.org\/sv\/wp-json\/wp\/v2\/media?parent=58"}],"curies":[{"name":"wp","href":"https:\/\/api.w.org\/{rel}","templated":true}]}}